{"id":195,"date":"2024-01-25T04:38:02","date_gmt":"2024-01-25T04:38:02","guid":{"rendered":"https:\/\/rrdevs.net\/demos\/wp\/logistec\/?page_id=195"},"modified":"2024-04-06T15:41:14","modified_gmt":"2024-04-06T18:41:14","slug":"home","status":"publish","type":"page","link":"https:\/\/www.primecargo.cl\/site\/","title":{"rendered":"Home"},"content":{"rendered":"\t\t<div data-elementor-type=\"wp-page\" data-elementor-id=\"195\" class=\"elementor elementor-195\">\n\t\t\t\t<div class=\"elementor-element elementor-element-3ec977e e-con-full e-flex e-con e-parent\" data-id=\"3ec977e\" data-element_type=\"container\" data-e-type=\"container\">\n\t\t\t\t<div class=\"elementor-element elementor-element-64ebae0 elementor-widget elementor-widget-logistec_hero\" data-id=\"64ebae0\" data-element_type=\"widget\" data-e-type=\"widget\" data-widget_type=\"logistec_hero.default\">\n\t\t\t\t<div class=\"elementor-widget-container\">\n\t\t\t\t\t\r\n            <section class=\"hero-section\" data-background=\"https:\/\/www.primecargo.cl\/site\/wp-content\/uploads\/2024\/03\/port-4388200_1920-1.fw_.png\">\r\n                <div class=\"container\">\r\n                    <div class=\"row\">\r\n                        <div class=\"hero-content\">\r\n                            <h1 class=\"title wow fade-in-bottom\" data-wow-delay=\"400ms\">Expertos en Carga A\u00e9rea, Mar\u00edtima y Terrestre<\/h1>                                                            <p class=\"wow fade-in-bottom\" data-wow-delay=\"500ms\">\r\n                                    En Prime Cargo, cada contenedor que movemos, cada ruta que trazamos est\u00e1 impulsada por un apego inquebrantable por la excelencia.                                <\/p>\r\n                                                        <a href=\"https:\/\/www.primecargo.cl\/site\/servicios\/\" target=\"_self\" rel=\"nofollow\" class=\"lt-primary-btn primary-2 wow fade-in-bottom\" data-wow-delay=\"600ms\">\r\n                                                                    <span class=\"after-icon\">\r\n                                        <i aria-hidden=\"true\" class=\" fa-regular fa-angle-right\"><\/i><\/span>\r\n                                    <\/span>\r\n                                                                Ir a Servicios                            <\/a>\r\n                        <\/div>\r\n                    <\/div>\r\n                <\/div>\r\n            <\/section>\r\n\r\n\t\t\t\t\t\t<\/div>\n\t\t\t\t<\/div>\n\t\t\t\t<\/div>\n\t\t<div class=\"elementor-element elementor-element-64681e0 e-flex e-con-boxed e-con e-parent\" data-id=\"64681e0\" data-element_type=\"container\" data-e-type=\"container\" data-settings=\"{&quot;background_background&quot;:&quot;classic&quot;}\">\n\t\t\t\t\t<div class=\"e-con-inner\">\n\t\t<div class=\"elementor-element elementor-element-d60714b e-con-full e-flex e-con e-child\" data-id=\"d60714b\" data-element_type=\"container\" data-e-type=\"container\">\n\t\t<div class=\"elementor-element elementor-element-a739522 e-con-full e-flex e-con e-child\" data-id=\"a739522\" data-element_type=\"container\" data-e-type=\"container\">\n\t\t\t\t<div class=\"elementor-element elementor-element-300df48 elementor-widget elementor-widget-logistec_heading\" data-id=\"300df48\" data-element_type=\"widget\" data-e-type=\"widget\" data-widget_type=\"logistec_heading.default\">\n\t\t\t\t<div class=\"elementor-widget-container\">\n\t\t\t\t\t\r\n\r\n<div class=\"logistec-el-title section-heading heading-2 wow fade-in-bottom\" data-wow-delay=\"300ms\">\r\n        <h2 class=\"section-title wow fade-in-bottom\">\u00bfPor qu\u00e9 somos tu mejor<\/br>aliado log\u00edstico?<\/h2>    <p class=\"desc wow fade-in-bottom\" data-wow-delay=\"600ms\">\r\n        Razones para preferirnos hay muchas. Ac\u00e1 te mostramos s\u00f3lo 3 de ellas, sin embargo, le invitamos a que nos contactes y juntos descubramos porque somos la mejor opci\u00f3n para el \u00e9xito de su negocio.<\/p>\r\n<\/div>\r\n\r\n\t\t\t\t<\/div>\n\t\t\t\t<\/div>\n\t\t\t\t<div class=\"elementor-element elementor-element-c33ec7f elementor-widget elementor-widget-logistec_btn\" data-id=\"c33ec7f\" data-element_type=\"widget\" data-e-type=\"widget\" data-widget_type=\"logistec_btn.default\">\n\t\t\t\t<div class=\"elementor-widget-container\">\n\t\t\t\t\t                        <div class=\"section-title__two-right\">\r\n                <a href=\"https:\/\/www.primecargo.cl\/site\/contactenos\/\" target=\"_self\" rel=\"nofollow\" class=\"lt-primary-btn\">\r\n                                            <span class=\"after-icon\">\r\n                            <i aria-hidden=\"true\" class=\"fas fa-long-arrow-alt-right\"><\/i><\/span>\r\n                        <\/span>\r\n                                        Cont\u00e1ctenos                <\/a>\r\n            <\/div>\r\n                    \t\t\t\t<\/div>\n\t\t\t\t<\/div>\n\t\t\t\t<\/div>\n\t\t\t\t<\/div>\n\t\t<div class=\"elementor-element elementor-element-ff46858 e-con-full e-flex e-con e-child\" data-id=\"ff46858\" data-element_type=\"container\" data-e-type=\"container\">\n\t\t<div class=\"elementor-element elementor-element-96dc316 e-flex e-con-boxed e-con e-child\" data-id=\"96dc316\" data-element_type=\"container\" data-e-type=\"container\">\n\t\t\t\t\t<div class=\"e-con-inner\">\n\t\t<div class=\"elementor-element elementor-element-2bebfff e-con-full e-flex e-con e-child\" data-id=\"2bebfff\" data-element_type=\"container\" data-e-type=\"container\" data-settings=\"{&quot;background_background&quot;:&quot;classic&quot;}\">\n\t\t<div class=\"elementor-element elementor-element-6e77773 e-con-full e-flex e-con e-child\" data-id=\"6e77773\" data-element_type=\"container\" data-e-type=\"container\" data-settings=\"{&quot;background_background&quot;:&quot;classic&quot;}\">\n\t\t\t\t<div class=\"elementor-element elementor-element-9824dd0 elementor-view-default elementor-widget elementor-widget-icon\" data-id=\"9824dd0\" data-element_type=\"widget\" data-e-type=\"widget\" data-widget_type=\"icon.default\">\n\t\t\t\t<div class=\"elementor-widget-container\">\n\t\t\t\t\t\t\t<div class=\"elementor-icon-wrapper\">\n\t\t\t<div class=\"elementor-icon\">\n\t\t\t<svg aria-hidden=\"true\" class=\"e-font-icon-svg e-fas-handshake\" viewBox=\"0 0 640 512\" xmlns=\"http:\/\/www.w3.org\/2000\/svg\"><path d=\"M434.7 64h-85.9c-8 0-15.7 3-21.6 8.4l-98.3 90c-.1.1-.2.3-.3.4-16.6 15.6-16.3 40.5-2.1 56 12.7 13.9 39.4 17.6 56.1 2.7.1-.1.3-.1.4-.2l79.9-73.2c6.5-5.9 16.7-5.5 22.6 1 6 6.5 5.5 16.6-1 22.6l-26.1 23.9L504 313.8c2.9 2.4 5.5 5 7.9 7.7V128l-54.6-54.6c-5.9-6-14.1-9.4-22.6-9.4zM544 128.2v223.9c0 17.7 14.3 32 32 32h64V128.2h-96zm48 223.9c-8.8 0-16-7.2-16-16s7.2-16 16-16 16 7.2 16 16-7.2 16-16 16zM0 384h64c17.7 0 32-14.3 32-32V128.2H0V384zm48-63.9c8.8 0 16 7.2 16 16s-7.2 16-16 16-16-7.2-16-16c0-8.9 7.2-16 16-16zm435.9 18.6L334.6 217.5l-30 27.5c-29.7 27.1-75.2 24.5-101.7-4.4-26.9-29.4-24.8-74.9 4.4-101.7L289.1 64h-83.8c-8.5 0-16.6 3.4-22.6 9.4L128 128v223.9h18.3l90.5 81.9c27.4 22.3 67.7 18.1 90-9.3l.2-.2 17.9 15.5c15.9 13 39.4 10.5 52.3-5.4l31.4-38.6 5.4 4.4c13.7 11.1 33.9 9.1 45-4.7l9.5-11.7c11.2-13.8 9.1-33.9-4.6-45.1z\"><\/path><\/svg>\t\t\t<\/div>\n\t\t<\/div>\n\t\t\t\t\t\t<\/div>\n\t\t\t\t<\/div>\n\t\t\t\t<\/div>\n\t\t\t\t<div class=\"elementor-element elementor-element-ad2567a elementor-widget elementor-widget-text-editor\" data-id=\"ad2567a\" data-element_type=\"widget\" data-e-type=\"widget\" data-widget_type=\"text-editor.default\">\n\t\t\t\t<div class=\"elementor-widget-container\">\n\t\t\t\t\t\t\t\t\t<p>Cada tarea, cada proyecto que abordamos, lo hacemos <strong>comprometidos<\/strong> con el \u00e9xito de su negocio.<\/p>\t\t\t\t\t\t\t\t<\/div>\n\t\t\t\t<\/div>\n\t\t\t\t<\/div>\n\t\t\t\t\t<\/div>\n\t\t\t\t<\/div>\n\t\t<div class=\"elementor-element elementor-element-b528947 e-flex e-con-boxed e-con e-child\" data-id=\"b528947\" data-element_type=\"container\" data-e-type=\"container\" data-settings=\"{&quot;background_background&quot;:&quot;classic&quot;}\">\n\t\t\t\t\t<div class=\"e-con-inner\">\n\t\t<div class=\"elementor-element elementor-element-9487d72 e-con-full e-flex e-con e-child\" data-id=\"9487d72\" data-element_type=\"container\" data-e-type=\"container\">\n\t\t<div class=\"elementor-element elementor-element-049e6c4 e-con-full e-flex e-con e-child\" data-id=\"049e6c4\" data-element_type=\"container\" data-e-type=\"container\" data-settings=\"{&quot;background_background&quot;:&quot;classic&quot;}\">\n\t\t\t\t<div class=\"elementor-element elementor-element-c70abaa elementor-view-default elementor-widget elementor-widget-icon\" data-id=\"c70abaa\" data-element_type=\"widget\" data-e-type=\"widget\" data-widget_type=\"icon.default\">\n\t\t\t\t<div class=\"elementor-widget-container\">\n\t\t\t\t\t\t\t<div class=\"elementor-icon-wrapper\">\n\t\t\t<div class=\"elementor-icon\">\n\t\t\t<svg aria-hidden=\"true\" class=\"e-font-icon-svg e-fas-piggy-bank\" viewBox=\"0 0 576 512\" xmlns=\"http:\/\/www.w3.org\/2000\/svg\"><path d=\"M560 224h-29.5c-8.8-20-21.6-37.7-37.4-52.5L512 96h-32c-29.4 0-55.4 13.5-73 34.3-7.6-1.1-15.1-2.3-23-2.3H256c-77.4 0-141.9 55-156.8 128H56c-14.8 0-26.5-13.5-23.5-28.8C34.7 215.8 45.4 208 57 208h1c3.3 0 6-2.7 6-6v-20c0-3.3-2.7-6-6-6-28.5 0-53.9 20.4-57.5 48.6C-3.9 258.8 22.7 288 56 288h40c0 52.2 25.4 98.1 64 127.3V496c0 8.8 7.2 16 16 16h64c8.8 0 16-7.2 16-16v-48h128v48c0 8.8 7.2 16 16 16h64c8.8 0 16-7.2 16-16v-80.7c11.8-8.9 22.3-19.4 31.3-31.3H560c8.8 0 16-7.2 16-16V240c0-8.8-7.2-16-16-16zm-128 64c-8.8 0-16-7.2-16-16s7.2-16 16-16 16 7.2 16 16-7.2 16-16 16zM256 96h128c5.4 0 10.7.4 15.9.8 0-.3.1-.5.1-.8 0-53-43-96-96-96s-96 43-96 96c0 2.1.5 4.1.6 6.2 15.2-3.9 31-6.2 47.4-6.2z\"><\/path><\/svg>\t\t\t<\/div>\n\t\t<\/div>\n\t\t\t\t\t\t<\/div>\n\t\t\t\t<\/div>\n\t\t\t\t<\/div>\n\t\t\t\t<div class=\"elementor-element elementor-element-1cbe8a3 elementor-widget elementor-widget-text-editor\" data-id=\"1cbe8a3\" data-element_type=\"widget\" data-e-type=\"widget\" data-widget_type=\"text-editor.default\">\n\t\t\t\t<div class=\"elementor-widget-container\">\n\t\t\t\t\t\t\t\t\t<p>Con nosotros obtendr\u00e1s asesor\u00eda de primer nivel y al mejor precio.<\/p>\t\t\t\t\t\t\t\t<\/div>\n\t\t\t\t<\/div>\n\t\t\t\t<\/div>\n\t\t\t\t\t<\/div>\n\t\t\t\t<\/div>\n\t\t<div class=\"elementor-element elementor-element-ed3ce1a e-flex e-con-boxed e-con e-child\" data-id=\"ed3ce1a\" data-element_type=\"container\" data-e-type=\"container\" data-settings=\"{&quot;background_background&quot;:&quot;classic&quot;}\">\n\t\t\t\t\t<div class=\"e-con-inner\">\n\t\t<div class=\"elementor-element elementor-element-68b3f19 e-con-full e-flex e-con e-child\" data-id=\"68b3f19\" data-element_type=\"container\" data-e-type=\"container\">\n\t\t<div class=\"elementor-element elementor-element-ea2a5cd e-con-full e-flex e-con e-child\" data-id=\"ea2a5cd\" data-element_type=\"container\" data-e-type=\"container\" data-settings=\"{&quot;background_background&quot;:&quot;classic&quot;}\">\n\t\t\t\t<div class=\"elementor-element elementor-element-731cdde elementor-view-default elementor-widget elementor-widget-icon\" data-id=\"731cdde\" data-element_type=\"widget\" data-e-type=\"widget\" data-widget_type=\"icon.default\">\n\t\t\t\t<div class=\"elementor-widget-container\">\n\t\t\t\t\t\t\t<div class=\"elementor-icon-wrapper\">\n\t\t\t<div class=\"elementor-icon\">\n\t\t\t<svg aria-hidden=\"true\" class=\"e-font-icon-svg e-fas-hands-helping\" viewBox=\"0 0 640 512\" xmlns=\"http:\/\/www.w3.org\/2000\/svg\"><path d=\"M488 192H336v56c0 39.7-32.3 72-72 72s-72-32.3-72-72V126.4l-64.9 39C107.8 176.9 96 197.8 96 220.2v47.3l-80 46.2C.7 322.5-4.6 342.1 4.3 357.4l80 138.6c8.8 15.3 28.4 20.5 43.7 11.7L231.4 448H368c35.3 0 64-28.7 64-64h16c17.7 0 32-14.3 32-32v-64h8c13.3 0 24-10.7 24-24v-48c0-13.3-10.7-24-24-24zm147.7-37.4L555.7 16C546.9.7 527.3-4.5 512 4.3L408.6 64H306.4c-12 0-23.7 3.4-33.9 9.7L239 94.6c-9.4 5.8-15 16.1-15 27.1V248c0 22.1 17.9 40 40 40s40-17.9 40-40v-88h184c30.9 0 56 25.1 56 56v28.5l80-46.2c15.3-8.9 20.5-28.4 11.7-43.7z\"><\/path><\/svg>\t\t\t<\/div>\n\t\t<\/div>\n\t\t\t\t\t\t<\/div>\n\t\t\t\t<\/div>\n\t\t\t\t<\/div>\n\t\t\t\t<div class=\"elementor-element elementor-element-3197be9 elementor-widget elementor-widget-text-editor\" data-id=\"3197be9\" data-element_type=\"widget\" data-e-type=\"widget\" data-widget_type=\"text-editor.default\">\n\t\t\t\t<div class=\"elementor-widget-container\">\n\t\t\t\t\t\t\t\t\t<p>Porque cada tarea, cada proyecto que abordamos, lo hacemos con el <strong>compromiso<\/strong> de hacer nuestro mayor esfuerzo.<\/p>\t\t\t\t\t\t\t\t<\/div>\n\t\t\t\t<\/div>\n\t\t\t\t<\/div>\n\t\t\t\t\t<\/div>\n\t\t\t\t<\/div>\n\t\t\t\t<\/div>\n\t\t\t\t\t<\/div>\n\t\t\t\t<\/div>\n\t\t<div class=\"elementor-element elementor-element-751f22a e-flex e-con-boxed e-con e-parent\" data-id=\"751f22a\" data-element_type=\"container\" data-e-type=\"container\">\n\t\t\t\t\t<div class=\"e-con-inner\">\n\t\t\t\t<div class=\"elementor-element elementor-element-e4dee13 elementor-widget elementor-widget-spacer\" data-id=\"e4dee13\" data-element_type=\"widget\" data-e-type=\"widget\" data-widget_type=\"spacer.default\">\n\t\t\t\t<div class=\"elementor-widget-container\">\n\t\t\t\t\t\t\t<div class=\"elementor-spacer\">\n\t\t\t<div class=\"elementor-spacer-inner\"><\/div>\n\t\t<\/div>\n\t\t\t\t\t\t<\/div>\n\t\t\t\t<\/div>\n\t\t\t\t\t<\/div>\n\t\t\t\t<\/div>\n\t\t\t\t<\/div>\n\t\t","protected":false},"excerpt":{"rendered":"<p>Expertos en Carga A\u00e9rea, Mar\u00edtima y Terrestre En Prime Cargo, cada contenedor que movemos, cada ruta que trazamos est\u00e1 impulsada por un apego inquebrantable por la excelencia. Ir a Servicios \u00bfPor qu\u00e9 somos tu mejoraliado log\u00edstico? Razones para preferirnos hay muchas. Ac\u00e1 te mostramos s\u00f3lo 3 de ellas, sin embargo, le invitamos a que nos [&hellip;]<\/p>\n","protected":false},"author":1,"featured_media":0,"parent":0,"menu_order":0,"comment_status":"closed","ping_status":"closed","template":"elementor_header_footer","meta":{"_joinchat":[],"footnotes":""},"class_list":["post-195","page","type-page","status-publish","hentry"],"acf":[],"yoast_head":"<!-- This site is optimized with the Yoast SEO plugin v27.5 - https:\/\/yoast.com\/product\/yoast-seo-wordpress\/ -->\n<title>Home - Prime Cargo : Soluciones Log\u00edsticas<\/title>\n<meta name=\"robots\" content=\"index, follow, max-snippet:-1, max-image-preview:large, max-video-preview:-1\" \/>\n<link rel=\"canonical\" href=\"https:\/\/www.primecargo.cl\/site\/\" \/>\n<meta property=\"og:locale\" content=\"es_ES\" \/>\n<meta property=\"og:type\" content=\"article\" \/>\n<meta property=\"og:title\" content=\"Home - Prime Cargo : Soluciones Log\u00edsticas\" \/>\n<meta property=\"og:description\" content=\"Expertos en Carga A\u00e9rea, Mar\u00edtima y Terrestre En Prime Cargo, cada contenedor que movemos, cada ruta que trazamos est\u00e1 impulsada por un apego inquebrantable por la excelencia. Ir a Servicios \u00bfPor qu\u00e9 somos tu mejoraliado log\u00edstico? Razones para preferirnos hay muchas. Ac\u00e1 te mostramos s\u00f3lo 3 de ellas, sin embargo, le invitamos a que nos [&hellip;]\" \/>\n<meta property=\"og:url\" content=\"https:\/\/www.primecargo.cl\/site\/\" \/>\n<meta property=\"og:site_name\" content=\"Prime Cargo : Soluciones Log\u00edsticas\" \/>\n<meta property=\"article:modified_time\" content=\"2024-04-06T18:41:14+00:00\" \/>\n<meta name=\"twitter:card\" content=\"summary_large_image\" \/>\n<meta name=\"twitter:site\" content=\"@PrimeCargoCL\" \/>\n<meta name=\"twitter:label1\" content=\"Tiempo estimado de lectura\" \/>\n\t<meta name=\"twitter:data1\" content=\"1 minuto\" \/>\n<script type=\"application\/ld+json\" class=\"yoast-schema-graph\">{\"@context\":\"https:\\\/\\\/schema.org\",\"@graph\":[{\"@type\":\"WebPage\",\"@id\":\"https:\\\/\\\/www.primecargo.cl\\\/site\\\/\",\"url\":\"https:\\\/\\\/www.primecargo.cl\\\/site\\\/\",\"name\":\"Home - Prime Cargo : Soluciones Log\u00edsticas\",\"isPartOf\":{\"@id\":\"https:\\\/\\\/www.primecargo.cl\\\/site\\\/#website\"},\"datePublished\":\"2024-01-25T04:38:02+00:00\",\"dateModified\":\"2024-04-06T18:41:14+00:00\",\"breadcrumb\":{\"@id\":\"https:\\\/\\\/www.primecargo.cl\\\/site\\\/#breadcrumb\"},\"inLanguage\":\"es-CL\",\"potentialAction\":[{\"@type\":\"ReadAction\",\"target\":[\"https:\\\/\\\/www.primecargo.cl\\\/site\\\/\"]}]},{\"@type\":\"BreadcrumbList\",\"@id\":\"https:\\\/\\\/www.primecargo.cl\\\/site\\\/#breadcrumb\",\"itemListElement\":[{\"@type\":\"ListItem\",\"position\":1,\"name\":\"Portada\",\"item\":\"https:\\\/\\\/www.primecargo.cl\\\/site\\\/\"},{\"@type\":\"ListItem\",\"position\":2,\"name\":\"Home\"}]},{\"@type\":\"WebSite\",\"@id\":\"https:\\\/\\\/www.primecargo.cl\\\/site\\\/#website\",\"url\":\"https:\\\/\\\/www.primecargo.cl\\\/site\\\/\",\"name\":\"Prime Cargo : Soluciones Log\u00edsticas\",\"description\":\"\",\"publisher\":{\"@id\":\"https:\\\/\\\/www.primecargo.cl\\\/site\\\/#organization\"},\"potentialAction\":[{\"@type\":\"SearchAction\",\"target\":{\"@type\":\"EntryPoint\",\"urlTemplate\":\"https:\\\/\\\/www.primecargo.cl\\\/site\\\/?s={search_term_string}\"},\"query-input\":{\"@type\":\"PropertyValueSpecification\",\"valueRequired\":true,\"valueName\":\"search_term_string\"}}],\"inLanguage\":\"es-CL\"},{\"@type\":\"Organization\",\"@id\":\"https:\\\/\\\/www.primecargo.cl\\\/site\\\/#organization\",\"name\":\"Prime Cargo : Soluciones Log\u00edsticas\",\"url\":\"https:\\\/\\\/www.primecargo.cl\\\/site\\\/\",\"logo\":{\"@type\":\"ImageObject\",\"inLanguage\":\"es-CL\",\"@id\":\"https:\\\/\\\/www.primecargo.cl\\\/site\\\/#\\\/schema\\\/logo\\\/image\\\/\",\"url\":\"https:\\\/\\\/www.primecargo.cl\\\/site\\\/wp-content\\\/uploads\\\/2024\\\/03\\\/primecargo_logo-0.svg\",\"contentUrl\":\"https:\\\/\\\/www.primecargo.cl\\\/site\\\/wp-content\\\/uploads\\\/2024\\\/03\\\/primecargo_logo-0.svg\",\"caption\":\"Prime Cargo : Soluciones Log\u00edsticas\"},\"image\":{\"@id\":\"https:\\\/\\\/www.primecargo.cl\\\/site\\\/#\\\/schema\\\/logo\\\/image\\\/\"},\"sameAs\":[\"https:\\\/\\\/x.com\\\/PrimeCargoCL\"]}]}<\/script>\n<!-- \/ Yoast SEO plugin. -->","yoast_head_json":{"title":"Home - Prime Cargo : Soluciones Log\u00edsticas","robots":{"index":"index","follow":"follow","max-snippet":"max-snippet:-1","max-image-preview":"max-image-preview:large","max-video-preview":"max-video-preview:-1"},"canonical":"https:\/\/www.primecargo.cl\/site\/","og_locale":"es_ES","og_type":"article","og_title":"Home - Prime Cargo : Soluciones Log\u00edsticas","og_description":"Expertos en Carga A\u00e9rea, Mar\u00edtima y Terrestre En Prime Cargo, cada contenedor que movemos, cada ruta que trazamos est\u00e1 impulsada por un apego inquebrantable por la excelencia. Ir a Servicios \u00bfPor qu\u00e9 somos tu mejoraliado log\u00edstico? Razones para preferirnos hay muchas. Ac\u00e1 te mostramos s\u00f3lo 3 de ellas, sin embargo, le invitamos a que nos [&hellip;]","og_url":"https:\/\/www.primecargo.cl\/site\/","og_site_name":"Prime Cargo : Soluciones Log\u00edsticas","article_modified_time":"2024-04-06T18:41:14+00:00","twitter_card":"summary_large_image","twitter_site":"@PrimeCargoCL","twitter_misc":{"Tiempo estimado de lectura":"1 minuto"},"schema":{"@context":"https:\/\/schema.org","@graph":[{"@type":"WebPage","@id":"https:\/\/www.primecargo.cl\/site\/","url":"https:\/\/www.primecargo.cl\/site\/","name":"Home - Prime Cargo : Soluciones Log\u00edsticas","isPartOf":{"@id":"https:\/\/www.primecargo.cl\/site\/#website"},"datePublished":"2024-01-25T04:38:02+00:00","dateModified":"2024-04-06T18:41:14+00:00","breadcrumb":{"@id":"https:\/\/www.primecargo.cl\/site\/#breadcrumb"},"inLanguage":"es-CL","potentialAction":[{"@type":"ReadAction","target":["https:\/\/www.primecargo.cl\/site\/"]}]},{"@type":"BreadcrumbList","@id":"https:\/\/www.primecargo.cl\/site\/#breadcrumb","itemListElement":[{"@type":"ListItem","position":1,"name":"Portada","item":"https:\/\/www.primecargo.cl\/site\/"},{"@type":"ListItem","position":2,"name":"Home"}]},{"@type":"WebSite","@id":"https:\/\/www.primecargo.cl\/site\/#website","url":"https:\/\/www.primecargo.cl\/site\/","name":"Prime Cargo : Soluciones Log\u00edsticas","description":"","publisher":{"@id":"https:\/\/www.primecargo.cl\/site\/#organization"},"potentialAction":[{"@type":"SearchAction","target":{"@type":"EntryPoint","urlTemplate":"https:\/\/www.primecargo.cl\/site\/?s={search_term_string}"},"query-input":{"@type":"PropertyValueSpecification","valueRequired":true,"valueName":"search_term_string"}}],"inLanguage":"es-CL"},{"@type":"Organization","@id":"https:\/\/www.primecargo.cl\/site\/#organization","name":"Prime Cargo : Soluciones Log\u00edsticas","url":"https:\/\/www.primecargo.cl\/site\/","logo":{"@type":"ImageObject","inLanguage":"es-CL","@id":"https:\/\/www.primecargo.cl\/site\/#\/schema\/logo\/image\/","url":"https:\/\/www.primecargo.cl\/site\/wp-content\/uploads\/2024\/03\/primecargo_logo-0.svg","contentUrl":"https:\/\/www.primecargo.cl\/site\/wp-content\/uploads\/2024\/03\/primecargo_logo-0.svg","caption":"Prime Cargo : Soluciones Log\u00edsticas"},"image":{"@id":"https:\/\/www.primecargo.cl\/site\/#\/schema\/logo\/image\/"},"sameAs":["https:\/\/x.com\/PrimeCargoCL"]}]}},"_links":{"self":[{"href":"https:\/\/www.primecargo.cl\/site\/wp-json\/wp\/v2\/pages\/195","targetHints":{"allow":["GET"]}}],"collection":[{"href":"https:\/\/www.primecargo.cl\/site\/wp-json\/wp\/v2\/pages"}],"about":[{"href":"https:\/\/www.primecargo.cl\/site\/wp-json\/wp\/v2\/types\/page"}],"author":[{"embeddable":true,"href":"https:\/\/www.primecargo.cl\/site\/wp-json\/wp\/v2\/users\/1"}],"replies":[{"embeddable":true,"href":"https:\/\/www.primecargo.cl\/site\/wp-json\/wp\/v2\/comments?post=195"}],"version-history":[{"count":333,"href":"https:\/\/www.primecargo.cl\/site\/wp-json\/wp\/v2\/pages\/195\/revisions"}],"predecessor-version":[{"id":4388,"href":"https:\/\/www.primecargo.cl\/site\/wp-json\/wp\/v2\/pages\/195\/revisions\/4388"}],"wp:attachment":[{"href":"https:\/\/www.primecargo.cl\/site\/wp-json\/wp\/v2\/media?parent=195"}],"curies":[{"name":"wp","href":"https:\/\/api.w.org\/{rel}","templated":true}]}}